{"id":73,"date":"2025-05-09T10:05:18","date_gmt":"2025-05-09T08:05:18","guid":{"rendered":"https:\/\/cmr-realestate.com\/home\/"},"modified":"2025-06-11T09:56:02","modified_gmt":"2025-06-11T07:56:02","slug":"home","status":"publish","type":"page","link":"https:\/\/cmr-realestate.com\/pl\/home\/","title":{"rendered":"Home"},"content":{"rendered":"<div class=\"wpb-content-wrapper\"><p>[vc_row full_width=&#8221;stretch_row&#8221; full_height=&#8221;yes&#8221; content_placement=&#8221;middle&#8221; css_animation=&#8221;fadeIn&#8221; el_class=&#8221;landingHome&#8221; css=&#8221;.vc_custom_1747211943246{padding-bottom: 50px !important;background-image: url(https:\/\/cmr-realestate.com\/wp-content\/uploads\/2025\/04\/bg3.jpg?id=22) !important;background-position: center !important;background-repeat: no-repeat !important;background-size: cover !important;}&#8221;][vc_column width=&#8221;1\/6&#8243;][\/vc_column][vc_column css_animation=&#8221;fadeIn&#8221; width=&#8221;2\/3&#8243; css=&#8221;.vc_custom_1746442191440{padding-top: 25px !important;padding-right: 50px !important;padding-bottom: 25px !important;padding-left: 50px !important;background-color: #FFFFFF4A !important;border-radius: 10px !important;}&#8221;][vc_column_text css=&#8221;&#8221;]<\/p>\n<h1 style=\"text-align: center;\">Witamy w<br \/>\n<span style=\"color: #927c52;\">CMR Real Estate &amp; Business Solutions<\/span><\/h1>\n<p>[\/vc_column_text][vc_column_text css=&#8221;&#8221;]<\/p>\n<h2 style=\"text-align: center;\">Twoja Brama do Sukcesu w Biznesie i Nieruchomo\u015bciach na Najbardziej Dynamicznych Rynkach \u015awiata<\/h2>\n<p style=\"text-align: center;\"><span style=\"font-weight: 400;\">W CMR specjalizujemy si\u0119 we wspieraniu mi\u0119dzynarodowych przedsi\u0119biorc\u00f3w, inwestor\u00f3w oraz firm w ekspansji na dwa z najbardziej obiecuj\u0105cych rynk\u00f3w na \u015bwiecie: <\/span><\/p>\n<p>[\/vc_column_text][vc_row_inner content_placement=&#8221;middle&#8221; gap=&#8221;35&#8243; css=&#8221;.vc_custom_1744802262742{margin-bottom: 0px !important;}&#8221;][vc_column_inner width=&#8221;1\/2&#8243;][vc_btn title=&#8221;Dubai&#8221; style=&#8221;gradient-custom&#8221; gradient_custom_color_1=&#8221;#641530&#8243; gradient_custom_color_2=&#8221;#641530&#8243; size=&#8221;lg&#8221; align=&#8221;center&#8221; i_icon_fontawesome=&#8221;fa fa-solid fa-location-dot&#8221; css=&#8221;.vc_custom_1745916979183{margin-bottom: 0px !important;}&#8221; button_block=&#8221;true&#8221; add_icon=&#8221;true&#8221; link=&#8221;url:https%3A%2F%2Fwww.cmrdubai.com|target:_blank&#8221;][\/vc_column_inner][vc_column_inner width=&#8221;1\/2&#8243;][vc_btn title=&#8221;Thailand&#8221; style=&#8221;gradient-custom&#8221; gradient_custom_color_1=&#8221;#010101&#8243; gradient_custom_color_2=&#8221;#010101&#8243; size=&#8221;lg&#8221; align=&#8221;center&#8221; i_icon_fontawesome=&#8221;fa fa-solid fa-location-dot&#8221; css=&#8221;.vc_custom_1745917006444{margin-bottom: 0px !important;}&#8221; button_block=&#8221;true&#8221; add_icon=&#8221;true&#8221; link=&#8221;url:https%3A%2F%2Fwww.cmrthailand.com|target:_blank&#8221;][\/vc_column_inner][\/vc_row_inner][vc_text_separator title=&#8221;&#8221; i_type=&#8221;linecons&#8221; i_icon_linecons=&#8221;vc_li vc_li-diamond&#8221; i_color=&#8221;custom&#8221; color=&#8221;custom&#8221; el_width=&#8221;40&#8243; css=&#8221;.vc_custom_1744802297046{margin-bottom: 0px !important;}&#8221; add_icon=&#8221;true&#8221; i_custom_color=&#8221;#909090&#8243; accent_color=&#8221;#B0B0B0&#8243;][vc_column_text css=&#8221;.vc_custom_1746778319605{margin-bottom: 25px !important;}&#8221;]<\/p>\n<p style=\"text-align: center;\"><span style=\"font-weight: 400;\">Niezale\u017cnie od tego, czy chcesz za\u0142o\u017cy\u0107 now\u0105 firm\u0119, zainwestowa\u0107 w dochodowe nieruchomo\u015bci, czy z pewno\u015bci\u0105 porusza\u0107 si\u0119 po lokalnych przepisach \u2014 nasz zesp\u00f3\u0142 oferuje indywidualnie dopasowane wsparcie kompleksowe, kt\u00f3re upraszcza ka\u017cdy etap procesu.<\/span><\/p>\n<p style=\"text-align: center;\"><b>Od wej\u015bcia na rynek i zak\u0142adania firmy, po doradztwo w zakresie nieruchomo\u015bci i us\u0142ugi zgodno\u015bci z przepisami \u2014 umo\u017cliwiamy bezproblemowe, bezpieczne i strategiczne prowadzenie dzia\u0142alno\u015bci za granic\u0105.<\/b><\/p>\n<p>[\/vc_column_text][vc_column_text css=&#8221;.vc_custom_1746778358079{margin-bottom: 10px !important;}&#8221; el_class=&#8221;txtContacto&#8221;]<\/p>\n<p style=\"text-align: center;\"><i class=\"fas fa-map-marker-alt\" style=\"color: #000;\"><\/i> <strong>Siedziba g\u0142\u00f3wna:<\/strong> 244\/301 Moo 4, Phayom Subdistrict, Wang Noi District,<br \/>\nPhra Nakhon Si Ayutthaya Province 13170 Thailand.<br \/>\n<i class=\"fas fa-mobile-alt\" style=\"color: #000;\"><\/i> <strong>Telefon:<\/strong> +66 (0) 936035142<\/p>\n<p>[\/vc_column_text][vc_column_text css=&#8221;.vc_custom_1746778382991{margin-bottom: 10px !important;}&#8221; el_class=&#8221;txtContacto&#8221;]<\/p>\n<p style=\"text-align: center;\"><i class=\"fas fa-map-marker-alt\" style=\"color: #000;\"><\/i> <strong>Biuro w Hiszpanii:<\/strong> Plaza Alcalde Agatangelo Soler 6, 03015 Alicante, Spain<br \/>\n<i class=\"fas fa-mobile-alt\" style=\"color: #000;\"><\/i> <strong>Telefon:<\/strong> +34 699 44 62 15<\/p>\n<p>[\/vc_column_text][vc_column_text css=&#8221;.vc_custom_1746442154932{margin-top: 25px !important;margin-bottom: 0px !important;}&#8221; el_class=&#8221;txtContacto&#8221;]<\/p>\n<p style=\"text-align: center;\"><i class=\"far fa-envelope\" style=\"color: #000;\"><\/i> <strong>e-Mail:<\/strong> info@cmr-realestate.com<\/p>\n<p>[\/vc_column_text][\/vc_column][vc_column width=&#8221;1\/6&#8243;][\/vc_column][\/vc_row]<\/p>\n<\/div>","protected":false},"excerpt":{"rendered":"<p>[vc_row full_width=&#8221;stretch_row&#8221; full_height=&#8221;yes&#8221; content_placement=&#8221;middle&#8221; css_animation=&#8221;fadeIn&#8221; el_class=&#8221;landingHome&#8221; css=&#8221;.vc_custom_1747211943246{padding-bottom: 50px !important;background-image: url(https:\/\/cmr-realestate.com\/wp-content\/uploads\/2025\/04\/bg3.jpg?id=22) !important;background-position: center !important;background-repeat: no-repeat !important;background-size: cover !important;}&#8221;][vc_column width=&#8221;1\/6&#8243;][\/vc_column][vc_column css_animation=&#8221;fadeIn&#8221; width=&#8221;2\/3&#8243; css=&#8221;.vc_custom_1746442191440{padding-top: 25px !important;padding-right: 50px !important;padding-bottom: 25px<span class=\"excerpt-hellip\"> [\u2026]<\/span><\/p>\n","protected":false},"author":1,"featured_media":0,"parent":0,"menu_order":0,"comment_status":"closed","ping_status":"closed","template":"template-blank.php","meta":{"footnotes":""},"class_list":["post-73","page","type-page","status-publish","hentry"],"aioseo_notices":[],"_links":{"self":[{"href":"https:\/\/cmr-realestate.com\/pl\/wp-json\/wp\/v2\/pages\/73","targetHints":{"allow":["GET"]}}],"collection":[{"href":"https:\/\/cmr-realestate.com\/pl\/wp-json\/wp\/v2\/pages"}],"about":[{"href":"https:\/\/cmr-realestate.com\/pl\/wp-json\/wp\/v2\/types\/page"}],"author":[{"embeddable":true,"href":"https:\/\/cmr-realestate.com\/pl\/wp-json\/wp\/v2\/users\/1"}],"replies":[{"embeddable":true,"href":"https:\/\/cmr-realestate.com\/pl\/wp-json\/wp\/v2\/comments?post=73"}],"version-history":[{"count":1,"href":"https:\/\/cmr-realestate.com\/pl\/wp-json\/wp\/v2\/pages\/73\/revisions"}],"predecessor-version":[{"id":126,"href":"https:\/\/cmr-realestate.com\/pl\/wp-json\/wp\/v2\/pages\/73\/revisions\/126"}],"wp:attachment":[{"href":"https:\/\/cmr-realestate.com\/pl\/wp-json\/wp\/v2\/media?parent=73"}],"curies":[{"name":"wp","href":"https:\/\/api.w.org\/{rel}","templated":true}]}}