{"id":151,"date":"2025-07-08T12:11:53","date_gmt":"2025-07-08T10:11:53","guid":{"rendered":"https:\/\/cmr-realestate.com\/home2\/"},"modified":"2026-01-26T11:49:37","modified_gmt":"2026-01-26T10:49:37","slug":"home2","status":"publish","type":"page","link":"https:\/\/cmr-realestate.com\/pl\/","title":{"rendered":"Home2"},"content":{"rendered":"<div class=\"wpb-content-wrapper\"><p>[vc_row full_width=&#8221;stretch_row&#8221; full_height=&#8221;yes&#8221; content_placement=&#8221;middle&#8221; css_animation=&#8221;fadeIn&#8221; el_class=&#8221;landingHome&#8221; css=&#8221;.vc_custom_1751970930631{padding-bottom: 50px !important;background-image: url(https:\/\/cmr-realestate.com\/wp-content\/uploads\/2025\/04\/bg3.jpg?id=22) !important;background-position: center !important;background-repeat: no-repeat !important;background-size: cover !important;}&#8221;][vc_column][vc_single_image image=&#8221;155&#8243; img_size=&#8221;full&#8221; alignment=&#8221;center&#8221; css_animation=&#8221;fadeInDown&#8221; css=&#8221;.vc_custom_1751972007029{margin-bottom: -35px !important;}&#8221; el_class=&#8221;imgLogo&#8221;][vc_column_text css=&#8221;.vc_custom_1751970869493{margin-bottom: 0px !important;}&#8221;]<\/p>\n<h1 style=\"text-align: center;\">Witamy w <span style=\"color: #927c52;\">CMR Real Estate &amp; Business Solutions<\/span><\/h1>\n<p>[\/vc_column_text][vc_column_text css=&#8221;&#8221;]<\/p>\n<h2 style=\"text-align: center;\">Twoja Brama do Sukcesu w Biznesie i Nieruchomo\u015bciach na Najbardziej Dynamicznych Rynkach \u015awiata<\/h2>\n<p>[\/vc_column_text]\n\t\t\t\t<p class=\"rs-p-wp-fix\"><\/p>\n\t\t\t\t<sr7-module data-alias=\"home\" data-id=\"1\" id=\"SR7_1_1\" class=\"rs-ov-hidden\" data-version=\"6.7.54\">\n\t\t\t\t\t<sr7-adjuster><\/sr7-adjuster>\n\t\t\t\t\t<sr7-content>\n\t\t\t\t\t\t<sr7-slide id=\"SR7_1_1-1\" data-key=\"1\">\n\t\t\t\t\t\t<\/sr7-slide>\n\t\t\t\t\t\t<sr7-slide id=\"SR7_1_1-2\" data-key=\"2\">\n\t\t\t\t\t\t<\/sr7-slide>\n\t\t\t\t\t<\/sr7-content>\n\t\t\t\t<\/sr7-module>\n\t\t\t\t<script>\n\t\t\t\t\twindow.SR7 ??={};SR7.PMH ??={}; SR7.PMH[\"SR7_1_1\"] = {cn:100,state:false,fn: function() { if (window._tpt!==undefined && window._tpt.prepareModuleHeight !== undefined) {  _tpt.prepareModuleHeight({id:\"SR7_1_1\",el:[575,575,768,960,720],type:'standard',shdw:'0',gh:[575,575,491,373,230],gw:[1200,1200,1024,778,480],vpt:['-100px'],size:{fullWidth:false, fullHeight:false},mh:'0',onh:0,onw:0,bg:{color:'{\"orig\":\"transparent\",\"type\":\"solid\",\"string\":\"transparent\"}'}});   SR7.PMH[\"SR7_1_1\"].state=true;} else if(SR7.PMH[\"SR7_1_1\"].cn-->0)\tsetTimeout( SR7.PMH[\"SR7_1_1\"].fn,19);}};SR7.PMH[\"SR7_1_1\" ].fn();\n\t\t\t\t<\/script>\n[vc_column_text css=&#8221;.vc_custom_1752228698801{margin-top: 25px !important;margin-bottom: 0px !important;}&#8221;]<\/p>\n<p style=\"text-align: center;\">W <strong>CMR Real Estate od ponad 20 lat pomagamy mi\u0119dzynarodowym<\/strong> przedsi\u0119biorcom, inwestorom i firmom znale\u017a\u0107 najlepsze inwestycje w trzech najbogatszych w mo\u017cliwo\u015bci miejscach na \u015bwiecie:<\/p>\n<p>[\/vc_column_text][vc_row_inner content_placement=&#8221;middle&#8221; gap=&#8221;35&#8243; css=&#8221;.vc_custom_1751970964231{margin-bottom: 35px !important;}&#8221;][vc_column_inner width=&#8221;1\/3&#8243;][vc_btn title=&#8221;Dubai&#8221; style=&#8221;gradient-custom&#8221; gradient_custom_color_1=&#8221;#641530&#8243; gradient_custom_color_2=&#8221;#641530&#8243; size=&#8221;lg&#8221; align=&#8221;center&#8221; i_icon_fontawesome=&#8221;fa fa-solid fa-location-dot&#8221; css=&#8221;.vc_custom_1745916979183{margin-bottom: 0px !important;}&#8221; button_block=&#8221;true&#8221; add_icon=&#8221;true&#8221; link=&#8221;url:https%3A%2F%2Fwww.cmrdubai.com|target:_blank&#8221;][\/vc_column_inner][vc_column_inner width=&#8221;1\/3&#8243;][vc_btn title=&#8221;Thailand&#8221; style=&#8221;gradient-custom&#8221; gradient_custom_color_1=&#8221;#010101&#8243; gradient_custom_color_2=&#8221;#010101&#8243; size=&#8221;lg&#8221; align=&#8221;center&#8221; i_icon_fontawesome=&#8221;fa fa-solid fa-location-dot&#8221; css=&#8221;.vc_custom_1745917006444{margin-bottom: 0px !important;}&#8221; button_block=&#8221;true&#8221; add_icon=&#8221;true&#8221; link=&#8221;url:https%3A%2F%2Fwww.cmrthailand.com|target:_blank&#8221;][\/vc_column_inner][vc_column_inner width=&#8221;1\/3&#8243;][vc_btn title=&#8221;Spain&#8221; style=&#8221;gradient-custom&#8221; gradient_custom_color_1=&#8221;#3D567E&#8221; gradient_custom_color_2=&#8221;#3D567E&#8221; size=&#8221;lg&#8221; align=&#8221;center&#8221; i_icon_fontawesome=&#8221;fa fa-solid fa-location-dot&#8221; css=&#8221;.vc_custom_1751970513276{margin-bottom: 0px !important;}&#8221; button_block=&#8221;true&#8221; add_icon=&#8221;true&#8221; link=&#8221;url:https%3A%2F%2Fwww.cmrspain.com|target:_blank&#8221;][\/vc_column_inner][\/vc_row_inner][vc_row_inner css=&#8221;.vc_custom_1751970898167{margin-bottom: 0px !important;}&#8221;][vc_column_inner width=&#8221;1\/2&#8243;][vc_column_text css=&#8221;.vc_custom_1769424529860{margin-bottom: 10px !important;}&#8221; el_class=&#8221;txtContacto&#8221;]<\/p>\n<p style=\"text-align: center;\"><strong>Siedziba g\u0142\u00f3wna:<\/strong>\u00a0Compass Building Al Shohada Road Al Hamra Industrial Zone-FZ Ras Al Khaimah, United Arab Emirates.<br \/>\n<i class=\"fas fa-mobile-alt\" style=\"color: #000;\"><\/i> <strong>Telefon:<\/strong> +66 (0) 936035142<\/p>\n<p>[\/vc_column_text][\/vc_column_inner][vc_column_inner width=&#8221;1\/2&#8243;][vc_column_text css=&#8221;.vc_custom_1769424574762{margin-bottom: 10px !important;}&#8221; el_class=&#8221;txtContacto&#8221;]<\/p>\n<p style=\"text-align: center;\"><strong>Biuro w Hiszpanii:<\/strong> Calle Poeta Quintana, 41, 03004, Alicante, Hiszpanii<br \/>\n<i class=\"fas fa-mobile-alt\" style=\"color: #000;\"><\/i> <strong>Telefon:<\/strong> +34 699 44 62 15<\/p>\n<p>[\/vc_column_text][\/vc_column_inner][\/vc_row_inner][vc_icon icon_fontawesome=&#8221;fa fa-brands fa-instagram&#8221; color=&#8221;custom&#8221; align=&#8221;center&#8221; css_animation=&#8221;appear&#8221; css=&#8221;&#8221; custom_color=&#8221;#927C52&#8243; link=&#8221;url:https%3A%2F%2Fwww.instagram.com%2Fcmr.realestate%2F|target:_blank&#8221;][vc_column_text css=&#8221;.vc_custom_1746442154932{margin-top: 25px !important;margin-bottom: 0px !important;}&#8221; el_class=&#8221;txtContacto&#8221;]<\/p>\n<p style=\"text-align: center;\"><i class=\"far fa-envelope\" style=\"color: #000;\"><\/i> <strong>e-Mail:<\/strong> info@cmr-realestate.com<\/p>\n<p>[\/vc_column_text][\/vc_column][\/vc_row]<\/p>\n<\/div>","protected":false},"excerpt":{"rendered":"<p>[vc_row full_width=&#8221;stretch_row&#8221; full_height=&#8221;yes&#8221; content_placement=&#8221;middle&#8221; css_animation=&#8221;fadeIn&#8221; el_class=&#8221;landingHome&#8221; css=&#8221;.vc_custom_1751970930631{padding-bottom: 50px !important;background-image: url(https:\/\/cmr-realestate.com\/wp-content\/uploads\/2025\/04\/bg3.jpg?id=22) !important;background-position: center !important;background-repeat: no-repeat !important;background-size: cover !important;}&#8221;][vc_column][vc_single_image image=&#8221;155&#8243; img_size=&#8221;full&#8221; alignment=&#8221;center&#8221; css_animation=&#8221;fadeInDown&#8221; css=&#8221;.vc_custom_1751972007029{margin-bottom: -35px !important;}&#8221; el_class=&#8221;imgLogo&#8221;][vc_column_text css=&#8221;.vc_custom_1751970869493{margin-bottom:<span class=\"excerpt-hellip\"> [\u2026]<\/span><\/p>\n","protected":false},"author":1,"featured_media":-1,"parent":0,"menu_order":0,"comment_status":"closed","ping_status":"closed","template":"template-blank.php","meta":{"footnotes":""},"class_list":["post-151","page","type-page","status-publish","has-post-thumbnail","hentry"],"aioseo_notices":[],"_links":{"self":[{"href":"https:\/\/cmr-realestate.com\/pl\/wp-json\/wp\/v2\/pages\/151","targetHints":{"allow":["GET"]}}],"collection":[{"href":"https:\/\/cmr-realestate.com\/pl\/wp-json\/wp\/v2\/pages"}],"about":[{"href":"https:\/\/cmr-realestate.com\/pl\/wp-json\/wp\/v2\/types\/page"}],"author":[{"embeddable":true,"href":"https:\/\/cmr-realestate.com\/pl\/wp-json\/wp\/v2\/users\/1"}],"replies":[{"embeddable":true,"href":"https:\/\/cmr-realestate.com\/pl\/wp-json\/wp\/v2\/comments?post=151"}],"version-history":[{"count":10,"href":"https:\/\/cmr-realestate.com\/pl\/wp-json\/wp\/v2\/pages\/151\/revisions"}],"predecessor-version":[{"id":199,"href":"https:\/\/cmr-realestate.com\/pl\/wp-json\/wp\/v2\/pages\/151\/revisions\/199"}],"wp:featuredmedia":[{"embeddable":true,"href":"https:\/\/cmr-realestate.com\/pl\/wp-json\/"}],"wp:attachment":[{"href":"https:\/\/cmr-realestate.com\/pl\/wp-json\/wp\/v2\/media?parent=151"}],"curies":[{"name":"wp","href":"https:\/\/api.w.org\/{rel}","templated":true}]}}