{"id":78,"date":"2025-05-09T10:05:18","date_gmt":"2025-05-09T08:05:18","guid":{"rendered":"https:\/\/cmr-realestate.com\/home\/"},"modified":"2025-06-11T09:54:54","modified_gmt":"2025-06-11T07:54:54","slug":"home","status":"publish","type":"page","link":"https:\/\/cmr-realestate.com\/es\/home\/","title":{"rendered":"Home"},"content":{"rendered":"<div class=\"wpb-content-wrapper\"><p>[vc_row full_width=\u00bbstretch_row\u00bb full_height=\u00bbyes\u00bb content_placement=\u00bbmiddle\u00bb css_animation=\u00bbfadeIn\u00bb el_class=\u00bblandingHome\u00bb css=\u00bb.vc_custom_1747211876395{padding-bottom: 50px !important;background-image: url(https:\/\/cmr-realestate.com\/wp-content\/uploads\/2025\/04\/bg3.jpg?id=22) !important;background-position: center !important;background-repeat: no-repeat !important;background-size: cover !important;}\u00bb][vc_column width=\u00bb1\/6&#8243;][\/vc_column][vc_column css_animation=\u00bbfadeIn\u00bb width=\u00bb2\/3&#8243; css=\u00bb.vc_custom_1746442191440{padding-top: 25px !important;padding-right: 50px !important;padding-bottom: 25px !important;padding-left: 50px !important;background-color: #FFFFFF4A !important;border-radius: 10px !important;}\u00bb][vc_column_text css=\u00bb\u00bb]<\/p>\n<h1 style=\"text-align: center;\">Bienvenido a<br \/>\n<span style=\"color: #927c52;\">CMR Real Estate &amp; Business Solutions<\/span><\/h1>\n<p>[\/vc_column_text][vc_column_text css=\u00bb\u00bb]<\/p>\n<h2 style=\"text-align: center;\">Su puerta de entrada al \u00e9xito empresarial e inmobiliario en los mercados m\u00e1s din\u00e1micos del mundo<\/h2>\n<p style=\"text-align: center;\"><span style=\"font-weight: 400;\">En CMR, nos especializamos en ayudar a emprendedores, inversores y empresas internacionales a expandirse hacia dos de los destinos con mayores oportunidades del mundo: <\/span><\/p>\n<p>[\/vc_column_text][vc_row_inner content_placement=\u00bbmiddle\u00bb gap=\u00bb35&#8243; css=\u00bb.vc_custom_1744802262742{margin-bottom: 0px !important;}\u00bb][vc_column_inner width=\u00bb1\/2&#8243;][vc_btn title=\u00bbDubai\u00bb style=\u00bbgradient-custom\u00bb gradient_custom_color_1=\u00bb#641530&#8243; gradient_custom_color_2=\u00bb#641530&#8243; size=\u00bblg\u00bb align=\u00bbcenter\u00bb i_icon_fontawesome=\u00bbfa fa-solid fa-location-dot\u00bb css=\u00bb.vc_custom_1745916979183{margin-bottom: 0px !important;}\u00bb button_block=\u00bbtrue\u00bb add_icon=\u00bbtrue\u00bb link=\u00bburl:https%3A%2F%2Fwww.cmrdubai.com|target:_blank\u00bb][\/vc_column_inner][vc_column_inner width=\u00bb1\/2&#8243;][vc_btn title=\u00bbThailand\u00bb style=\u00bbgradient-custom\u00bb gradient_custom_color_1=\u00bb#010101&#8243; gradient_custom_color_2=\u00bb#010101&#8243; size=\u00bblg\u00bb align=\u00bbcenter\u00bb i_icon_fontawesome=\u00bbfa fa-solid fa-location-dot\u00bb css=\u00bb.vc_custom_1745917006444{margin-bottom: 0px !important;}\u00bb button_block=\u00bbtrue\u00bb add_icon=\u00bbtrue\u00bb link=\u00bburl:https%3A%2F%2Fwww.cmrthailand.com|target:_blank\u00bb][\/vc_column_inner][\/vc_row_inner][vc_text_separator title=\u00bb\u00bb i_type=\u00bblinecons\u00bb i_icon_linecons=\u00bbvc_li vc_li-diamond\u00bb i_color=\u00bbcustom\u00bb color=\u00bbcustom\u00bb el_width=\u00bb40&#8243; css=\u00bb.vc_custom_1744802297046{margin-bottom: 0px !important;}\u00bb add_icon=\u00bbtrue\u00bb i_custom_color=\u00bb#909090&#8243; accent_color=\u00bb#B0B0B0&#8243;][vc_column_text css=\u00bb.vc_custom_1746778523100{margin-bottom: 25px !important;}\u00bb]<\/p>\n<p style=\"text-align: center;\"><span style=\"font-weight: 400;\">Ya sea que desee iniciar un nuevo negocio, invertir en bienes ra\u00edces rentables o desenvolverse con confianza en las regulaciones locales, nuestro equipo ofrece un soporte integral y personalizado, dise\u00f1ado para simplificar cada etapa del proceso.<\/span><\/p>\n<p style=\"text-align: center;\"><b>Desde la entrada al mercado y la constituci\u00f3n de empresas, hasta el asesoramiento inmobiliario y los servicios de cumplimiento normativo, hacemos que hacer negocios en el extranjero sea un proceso fluido, seguro y estrat\u00e9gico.<\/b><\/p>\n<p>[\/vc_column_text][vc_column_text css=\u00bb.vc_custom_1746778584370{margin-bottom: 10px !important;}\u00bb el_class=\u00bbtxtContacto\u00bb]<\/p>\n<p style=\"text-align: center;\"><i class=\"fas fa-map-marker-alt\" style=\"color: #000;\"><\/i> <strong>Oficina central:<\/strong> 244\/301 Moo 4, Subdistrito Phayom, Distrito Wang Noi,<br \/>\nProvincia de Phra Nakhon Si Ayutthaya 13170, Tailandia<br \/>\n<i class=\"fas fa-mobile-alt\" style=\"color: #000;\"><\/i> <strong>Tel\u00e9fono:<\/strong> +66 (0) 936035142<\/p>\n<p>[\/vc_column_text][vc_column_text css=\u00bb.vc_custom_1746778612161{margin-bottom: 10px !important;}\u00bb el_class=\u00bbtxtContacto\u00bb]<\/p>\n<p style=\"text-align: center;\"><i class=\"fas fa-map-marker-alt\" style=\"color: #000;\"><\/i> <strong>Oficina en Espa\u00f1a:<\/strong> Plaza Alcalde Agatangelo Soler 6, 03015 Alicante, Espa\u00f1a<br \/>\n<i class=\"fas fa-mobile-alt\" style=\"color: #000;\"><\/i> <strong>Tel\u00e9fono:<\/strong> +34 699 44 62 15<\/p>\n<p>[\/vc_column_text][vc_column_text css=\u00bb.vc_custom_1746442154932{margin-top: 25px !important;margin-bottom: 0px !important;}\u00bb el_class=\u00bbtxtContacto\u00bb]<\/p>\n<p style=\"text-align: center;\"><i class=\"far fa-envelope\" style=\"color: #000;\"><\/i> <strong>e-Mail:<\/strong> info@cmr-realestate.com<\/p>\n<p>[\/vc_column_text][\/vc_column][vc_column width=\u00bb1\/6&#8243;][\/vc_column][\/vc_row]<\/p>\n<\/div>","protected":false},"excerpt":{"rendered":"<p>[vc_row full_width=\u00bbstretch_row\u00bb full_height=\u00bbyes\u00bb content_placement=\u00bbmiddle\u00bb css_animation=\u00bbfadeIn\u00bb el_class=\u00bblandingHome\u00bb css=\u00bb.vc_custom_1747211876395{padding-bottom: 50px !important;background-image: url(https:\/\/cmr-realestate.com\/wp-content\/uploads\/2025\/04\/bg3.jpg?id=22) !important;background-position: center !important;background-repeat: no-repeat !important;background-size: cover !important;}\u00bb][vc_column width=\u00bb1\/6&#8243;][\/vc_column][vc_column css_animation=\u00bbfadeIn\u00bb width=\u00bb2\/3&#8243; css=\u00bb.vc_custom_1746442191440{padding-top: 25px !important;padding-right: 50px !important;padding-bottom: 25px<span class=\"excerpt-hellip\"> [\u2026]<\/span><\/p>\n","protected":false},"author":1,"featured_media":0,"parent":0,"menu_order":0,"comment_status":"closed","ping_status":"closed","template":"template-blank.php","meta":{"footnotes":""},"class_list":["post-78","page","type-page","status-publish","hentry"],"aioseo_notices":[],"_links":{"self":[{"href":"https:\/\/cmr-realestate.com\/es\/wp-json\/wp\/v2\/pages\/78","targetHints":{"allow":["GET"]}}],"collection":[{"href":"https:\/\/cmr-realestate.com\/es\/wp-json\/wp\/v2\/pages"}],"about":[{"href":"https:\/\/cmr-realestate.com\/es\/wp-json\/wp\/v2\/types\/page"}],"author":[{"embeddable":true,"href":"https:\/\/cmr-realestate.com\/es\/wp-json\/wp\/v2\/users\/1"}],"replies":[{"embeddable":true,"href":"https:\/\/cmr-realestate.com\/es\/wp-json\/wp\/v2\/comments?post=78"}],"version-history":[{"count":1,"href":"https:\/\/cmr-realestate.com\/es\/wp-json\/wp\/v2\/pages\/78\/revisions"}],"predecessor-version":[{"id":125,"href":"https:\/\/cmr-realestate.com\/es\/wp-json\/wp\/v2\/pages\/78\/revisions\/125"}],"wp:attachment":[{"href":"https:\/\/cmr-realestate.com\/es\/wp-json\/wp\/v2\/media?parent=78"}],"curies":[{"name":"wp","href":"https:\/\/api.w.org\/{rel}","templated":true}]}}